{"id":27147,"date":"2023-08-09T10:29:49","date_gmt":"2023-08-09T10:29:49","guid":{"rendered":"http:\/\/padelfactory.es\/erklaerung-zur-zugaenglichkeit\/"},"modified":"2023-08-21T15:08:41","modified_gmt":"2023-08-21T15:08:41","slug":"erklaerung-zur-zugaenglichkeit","status":"publish","type":"page","link":"http:\/\/padelfactory.es\/de\/erklaerung-zur-zugaenglichkeit\/","title":{"rendered":"Erkl\u00e4rung zur Zug\u00e4nglichkeit"},"content":{"rendered":"\t\t<div data-elementor-type=\"wp-page\" data-elementor-id=\"27147\" class=\"elementor elementor-27147 elementor-26850\">\n\t\t\t\t\t\t<section class=\"elementor-section elementor-top-section elementor-element elementor-element-191178f elementor-section-boxed elementor-section-height-default elementor-section-height-default sc_fly_static\" data-id=\"191178f\" data-element_type=\"section\">\n\t\t\t\t\t\t<div class=\"elementor-container elementor-column-gap-extended\">\n\t\t\t\t\t<div class=\"elementor-column elementor-col-100 elementor-top-column elementor-element elementor-element-5391fe3 sc_inner_width_none sc_content_align_inherit sc_layouts_column_icons_position_left sc_fly_static\" data-id=\"5391fe3\" data-element_type=\"column\">\n\t\t\t<div class=\"elementor-widget-wrap elementor-element-populated\">\n\t\t\t\t\t\t<div class=\"elementor-element elementor-element-6acb84c sc_fly_static elementor-widget elementor-widget-heading\" data-id=\"6acb84c\" data-element_type=\"widget\" data-widget_type=\"heading.default\">\n\t\t\t\t<div class=\"elementor-widget-container\">\n\t\t\t\t\t<h2 class=\"elementor-heading-title elementor-size-default\">Erkl\u00e4rung zur Zug\u00e4nglichkeit<\/h2>\t\t\t\t<\/div>\n\t\t\t\t<\/div>\n\t\t\t\t\t<\/div>\n\t\t<\/div>\n\t\t\t\t\t<\/div>\n\t\t<\/section>\n\t\t\t\t<section class=\"elementor-section elementor-top-section elementor-element elementor-element-463699b elementor-section-boxed elementor-section-height-default elementor-section-height-default sc_fly_static\" data-id=\"463699b\" data-element_type=\"section\">\n\t\t\t\t\t\t<div class=\"elementor-container elementor-column-gap-extended\">\n\t\t\t\t\t<div class=\"elementor-column elementor-col-100 elementor-top-column elementor-element elementor-element-0841aa1 sc_inner_width_none sc_content_align_inherit sc_layouts_column_icons_position_left sc_fly_static\" data-id=\"0841aa1\" data-element_type=\"column\">\n\t\t\t<div class=\"elementor-widget-wrap elementor-element-populated\">\n\t\t\t\t\t\t<div class=\"elementor-element elementor-element-c46dbf2 sc_fly_static elementor-widget elementor-widget-text-editor\" data-id=\"c46dbf2\" data-element_type=\"widget\" data-widget_type=\"text-editor.default\">\n\t\t\t\t<div class=\"elementor-widget-container\">\n\t\t\t\t\t\t\t\t\t<p>Padel Factory verpflichtet sich, https:\/\/padelfactory.com\/ gem\u00e4\u00df dem K\u00f6niglichen Erlass 1112\/2018 vom 7. September \u00fcber die Barrierefreiheit von Websites zug\u00e4nglich zu machen&nbsp;<span style=\"font-size: 17px; background-color: var(--theme-color-bg_color); color: var(--theme-color-text); letter-spacing: 0.1px;\">Anwendungen f\u00fcr den \u00f6ffentlichen Sektor f\u00fcr mobile Ger\u00e4te.<\/span><\/p>\n<p>\n            <span style=\"font-size: 17px; background-color: var(--theme-color-bg_color); color: var(--theme-color-text); letter-spacing: 0.1px;\">Diese Erkl\u00e4rung zur Barrierefreiheit gilt f\u00fcr die Website https:\/\/padelfactory.com\/.<\/span>\n          <\/p>\n<p>\n            <span style=\"font-size: 17px; background-color: var(--theme-color-bg_color); color: var(--theme-color-text); letter-spacing: 0.1px;\">Diese Website entspricht vollst\u00e4ndig der RD 1112\/2018.<\/span>\n          <\/p>\n\t\t\t\t\t\t\t\t<\/div>\n\t\t\t\t<\/div>\n\t\t\t\t\t<\/div>\n\t\t<\/div>\n\t\t\t\t\t<\/div>\n\t\t<\/section>\n\t\t\t\t<\/div>\n\t\t","protected":false},"excerpt":{"rendered":"<p>Erkl\u00e4rung zur Zug\u00e4nglichkeit Padel Factory verpflichtet sich, https:\/\/padelfactory.com\/ gem\u00e4\u00df dem K\u00f6niglichen Erlass 1112\/2018 vom 7. September \u00fcber die Barrierefreiheit von Websites zug\u00e4nglich zu machen&nbsp;Anwendungen f\u00fcr den \u00f6ffentlichen Sektor f\u00fcr mobile&hellip;<\/p>\n","protected":false},"author":1,"featured_media":0,"parent":0,"menu_order":0,"comment_status":"closed","ping_status":"closed","template":"","meta":{"footnotes":""},"class_list":["post-27147","page","type-page","status-publish","hentry"],"_links":{"self":[{"href":"http:\/\/padelfactory.es\/de\/wp-json\/wp\/v2\/pages\/27147","targetHints":{"allow":["GET"]}}],"collection":[{"href":"http:\/\/padelfactory.es\/de\/wp-json\/wp\/v2\/pages"}],"about":[{"href":"http:\/\/padelfactory.es\/de\/wp-json\/wp\/v2\/types\/page"}],"author":[{"embeddable":true,"href":"http:\/\/padelfactory.es\/de\/wp-json\/wp\/v2\/users\/1"}],"replies":[{"embeddable":true,"href":"http:\/\/padelfactory.es\/de\/wp-json\/wp\/v2\/comments?post=27147"}],"version-history":[{"count":1,"href":"http:\/\/padelfactory.es\/de\/wp-json\/wp\/v2\/pages\/27147\/revisions"}],"predecessor-version":[{"id":27148,"href":"http:\/\/padelfactory.es\/de\/wp-json\/wp\/v2\/pages\/27147\/revisions\/27148"}],"wp:attachment":[{"href":"http:\/\/padelfactory.es\/de\/wp-json\/wp\/v2\/media?parent=27147"}],"curies":[{"name":"wp","href":"https:\/\/api.w.org\/{rel}","templated":true}]}}